{"id":1183,"date":"2024-06-10T13:09:30","date_gmt":"2024-06-10T16:09:30","guid":{"rendered":"https:\/\/ramayanabr.com.br\/?page_id=1183"},"modified":"2024-06-14T18:21:51","modified_gmt":"2024-06-14T21:21:51","slug":"commodities","status":"publish","type":"page","link":"https:\/\/ramayanabr.com.br\/index.php\/commodities\/","title":{"rendered":"Commodities"},"content":{"rendered":"\t\t<div data-elementor-type=\"wp-page\" data-elementor-id=\"1183\" class=\"elementor elementor-1183\">\n\t\t\t\t<div class=\"elementor-element elementor-element-af0fffe e-flex e-con-boxed e-con e-parent\" data-id=\"af0fffe\" data-element_type=\"container\" data-e-type=\"container\">\n\t\t\t\t\t<div class=\"e-con-inner\">\n\t\t\t\t<div class=\"elementor-element elementor-element-ba1ac0a elementor-widget elementor-widget-text-editor\" data-id=\"ba1ac0a\" data-element_type=\"widget\" data-e-type=\"widget\" data-widget_type=\"text-editor.default\">\n\t\t\t\t<div class=\"elementor-widget-container\">\n\t\t\t\t\t\t\t\t\t<h1 style=\"text-align: center;\"><span style=\"color: #808080;\"><b>Nossa malha de relacionamentos no exterior facilita a conex\u00e3o entre compradores e vendedores de soja, milho, a\u00e7\u00facar, trigo, caf\u00e9, prote\u00edna animal e outras commodities em diversos pa\u00edses da Am\u00e9rica, Europa e \u00c1sia<\/b><\/span><\/h1>\t\t\t\t\t\t\t\t<\/div>\n\t\t\t\t<\/div>\n\t\t\t\t<div class=\"elementor-element elementor-element-a66d099 elementor-widget__width-initial elementor-widget-divider--view-line elementor-widget elementor-widget-divider\" data-id=\"a66d099\" data-element_type=\"widget\" data-e-type=\"widget\" data-widget_type=\"divider.default\">\n\t\t\t\t<div class=\"elementor-widget-container\">\n\t\t\t\t\t\t\t<div class=\"elementor-divider\">\n\t\t\t<span class=\"elementor-divider-separator\">\n\t\t\t\t\t\t<\/span>\n\t\t<\/div>\n\t\t\t\t\t\t<\/div>\n\t\t\t\t<\/div>\n\t\t\t\t\t<\/div>\n\t\t\t\t<\/div>\n\t\t<div class=\"elementor-element elementor-element-eff0747 e-flex e-con-boxed e-con e-parent\" data-id=\"eff0747\" data-element_type=\"container\" data-e-type=\"container\">\n\t\t\t\t\t<div class=\"e-con-inner\">\n\t\t\t\t<div class=\"elementor-element elementor-element-5df0b530 elementor-arrows-position-inside elementor-pagination-position-outside elementor-invisible elementor-widget elementor-widget-image-carousel\" data-id=\"5df0b530\" data-element_type=\"widget\" data-e-type=\"widget\" data-settings=\"{&quot;_animation&quot;:&quot;slideInUp&quot;,&quot;slides_to_show&quot;:&quot;5&quot;,&quot;navigation&quot;:&quot;both&quot;,&quot;autoplay&quot;:&quot;yes&quot;,&quot;pause_on_hover&quot;:&quot;yes&quot;,&quot;pause_on_interaction&quot;:&quot;yes&quot;,&quot;autoplay_speed&quot;:5000,&quot;infinite&quot;:&quot;yes&quot;,&quot;speed&quot;:500}\" data-widget_type=\"image-carousel.default\">\n\t\t\t\t<div class=\"elementor-widget-container\">\n\t\t\t\t\t\t\t<div class=\"elementor-image-carousel-wrapper swiper\" role=\"region\" aria-roledescription=\"carousel\" aria-label=\"Image Carousel\" dir=\"ltr\">\n\t\t\t<div class=\"elementor-image-carousel swiper-wrapper\" aria-live=\"off\">\n\t\t\t\t\t\t\t\t<div class=\"swiper-slide\" role=\"group\" aria-roledescription=\"slide\" aria-label=\"1 of 8\"><figure class=\"swiper-slide-inner\"><img decoding=\"async\" class=\"swiper-slide-image\" src=\"https:\/\/ramayanabr.com.br\/wp-content\/uploads\/2024\/06\/trigo-150x150.jpg\" alt=\"trigo\" \/><\/figure><\/div><div class=\"swiper-slide\" role=\"group\" aria-roledescription=\"slide\" aria-label=\"2 of 8\"><figure class=\"swiper-slide-inner\"><img decoding=\"async\" class=\"swiper-slide-image\" src=\"https:\/\/ramayanabr.com.br\/wp-content\/uploads\/2024\/06\/sal-150x150.jpg\" alt=\"sal\" \/><\/figure><\/div><div class=\"swiper-slide\" role=\"group\" aria-roledescription=\"slide\" aria-label=\"3 of 8\"><figure class=\"swiper-slide-inner\"><img decoding=\"async\" class=\"swiper-slide-image\" src=\"https:\/\/ramayanabr.com.br\/wp-content\/uploads\/2024\/06\/soja-150x150.jpg\" alt=\"soja\" \/><\/figure><\/div><div class=\"swiper-slide\" role=\"group\" aria-roledescription=\"slide\" aria-label=\"4 of 8\"><figure class=\"swiper-slide-inner\"><img decoding=\"async\" class=\"swiper-slide-image\" src=\"https:\/\/ramayanabr.com.br\/wp-content\/uploads\/2024\/06\/milho-150x150.jpg\" alt=\"milho\" \/><\/figure><\/div><div class=\"swiper-slide\" role=\"group\" aria-roledescription=\"slide\" aria-label=\"5 of 8\"><figure class=\"swiper-slide-inner\"><img decoding=\"async\" class=\"swiper-slide-image\" src=\"https:\/\/ramayanabr.com.br\/wp-content\/uploads\/2024\/06\/frango-150x150.jpg\" alt=\"frango\" \/><\/figure><\/div><div class=\"swiper-slide\" role=\"group\" aria-roledescription=\"slide\" aria-label=\"6 of 8\"><figure class=\"swiper-slide-inner\"><img decoding=\"async\" class=\"swiper-slide-image\" src=\"https:\/\/ramayanabr.com.br\/wp-content\/uploads\/2024\/06\/lavoura-150x150.jpg\" alt=\"lavoura\" \/><\/figure><\/div><div class=\"swiper-slide\" role=\"group\" aria-roledescription=\"slide\" aria-label=\"7 of 8\"><figure class=\"swiper-slide-inner\"><img decoding=\"async\" class=\"swiper-slide-image\" src=\"https:\/\/ramayanabr.com.br\/wp-content\/uploads\/2024\/06\/carne-150x150.jpg\" alt=\"carne\" \/><\/figure><\/div><div class=\"swiper-slide\" role=\"group\" aria-roledescription=\"slide\" aria-label=\"8 of 8\"><figure class=\"swiper-slide-inner\"><img decoding=\"async\" class=\"swiper-slide-image\" src=\"https:\/\/ramayanabr.com.br\/wp-content\/uploads\/2024\/06\/cafe-150x150.jpg\" alt=\"cafe\" \/><\/figure><\/div>\t\t\t<\/div>\n\t\t\t\t\t\t\t\t\t\t\t\t<div class=\"elementor-swiper-button elementor-swiper-button-prev\" role=\"button\" tabindex=\"0\">\n\t\t\t\t\t\t<svg aria-hidden=\"true\" class=\"e-font-icon-svg e-eicon-chevron-left\" viewBox=\"0 0 1000 1000\" xmlns=\"http:\/\/www.w3.org\/2000\/svg\"><path d=\"M646 125C629 125 613 133 604 142L308 442C296 454 292 471 292 487 292 504 296 521 308 533L604 854C617 867 629 875 646 875 663 875 679 871 692 858 704 846 713 829 713 812 713 796 708 779 692 767L438 487 692 225C700 217 708 204 708 187 708 171 704 154 692 142 675 129 663 125 646 125Z\"><\/path><\/svg>\t\t\t\t\t<\/div>\n\t\t\t\t\t<div class=\"elementor-swiper-button elementor-swiper-button-next\" role=\"button\" tabindex=\"0\">\n\t\t\t\t\t\t<svg aria-hidden=\"true\" class=\"e-font-icon-svg e-eicon-chevron-right\" viewBox=\"0 0 1000 1000\" xmlns=\"http:\/\/www.w3.org\/2000\/svg\"><path d=\"M696 533C708 521 713 504 713 487 713 471 708 454 696 446L400 146C388 133 375 125 354 125 338 125 325 129 313 142 300 154 292 171 292 187 292 204 296 221 308 233L563 492 304 771C292 783 288 800 288 817 288 833 296 850 308 863 321 871 338 875 354 875 371 875 388 867 400 854L696 533Z\"><\/path><\/svg>\t\t\t\t\t<\/div>\n\t\t\t\t\n\t\t\t\t\t\t\t\t\t<div class=\"swiper-pagination\"><\/div>\n\t\t\t\t\t\t\t\t\t<\/div>\n\t\t\t\t\t\t<\/div>\n\t\t\t\t<\/div>\n\t\t\t\t<div class=\"elementor-element elementor-element-32410f08 elementor-widget elementor-widget-spacer\" data-id=\"32410f08\" data-element_type=\"widget\" data-e-type=\"widget\" data-widget_type=\"spacer.default\">\n\t\t\t\t<div class=\"elementor-widget-container\">\n\t\t\t\t\t\t\t<div class=\"elementor-spacer\">\n\t\t\t<div class=\"elementor-spacer-inner\"><\/div>\n\t\t<\/div>\n\t\t\t\t\t\t<\/div>\n\t\t\t\t<\/div>\n\t\t\t\t\t<\/div>\n\t\t\t\t<\/div>\n\t\t\t\t<section class=\"elementor-section elementor-top-section elementor-element elementor-element-4e52eb1b elementor-section-boxed elementor-section-height-default elementor-section-height-default\" data-id=\"4e52eb1b\" data-element_type=\"section\" data-e-type=\"section\" data-settings=\"{&quot;background_background&quot;:&quot;video&quot;,&quot;background_video_link&quot;:&quot;https:\\\/\\\/www.youtube.com\\\/watch?v=SDno1HI0pAE&quot;,&quot;background_play_on_mobile&quot;:&quot;yes&quot;}\">\n\t\t\t\t\t\t\t\t<div class=\"elementor-background-video-container\">\n\t\t\t\t\t\t\t\t\t\t\t\t\t<div class=\"elementor-background-video-embed\" role=\"presentation\"><\/div>\n\t\t\t\t\t\t\t\t\t\t\t\t<\/div>\n\t\t\t\t\t\t\t\t\t<div class=\"elementor-background-overlay\"><\/div>\n\t\t\t\t\t\t\t<div class=\"elementor-container elementor-column-gap-no\">\n\t\t\t\t\t<div class=\"elementor-column elementor-col-50 elementor-top-column elementor-element elementor-element-1ebd098a\" data-id=\"1ebd098a\" data-element_type=\"column\" data-e-type=\"column\">\n\t\t\t<div class=\"elementor-widget-wrap elementor-element-populated\">\n\t\t\t\t\t\t<div class=\"elementor-element elementor-element-213ce428 elementor-widget elementor-widget-heading\" data-id=\"213ce428\" data-element_type=\"widget\" data-e-type=\"widget\" data-widget_type=\"heading.default\">\n\t\t\t\t<div class=\"elementor-widget-container\">\n\t\t\t\t\t<h2 class=\"elementor-heading-title elementor-size-default\">RAMAYANA - Consultoria &amp; Neg\u00f3cios<\/h2>\t\t\t\t<\/div>\n\t\t\t\t<\/div>\n\t\t\t\t<div class=\"elementor-element elementor-element-2a139ed1 elementor-widget__width-initial animated-fast elementor-hidden-phone elementor-invisible elementor-widget elementor-widget-spacer\" data-id=\"2a139ed1\" data-element_type=\"widget\" data-e-type=\"widget\" data-settings=\"{&quot;_animation&quot;:&quot;fadeInLeft&quot;}\" data-widget_type=\"spacer.default\">\n\t\t\t\t<div class=\"elementor-widget-container\">\n\t\t\t\t\t\t\t<div class=\"elementor-spacer\">\n\t\t\t<div class=\"elementor-spacer-inner\"><\/div>\n\t\t<\/div>\n\t\t\t\t\t\t<\/div>\n\t\t\t\t<\/div>\n\t\t\t\t<div class=\"elementor-element elementor-element-79e41bb1 elementor-widget elementor-widget-heading\" data-id=\"79e41bb1\" data-element_type=\"widget\" data-e-type=\"widget\" data-widget_type=\"heading.default\">\n\t\t\t\t<div class=\"elementor-widget-container\">\n\t\t\t\t\t<h2 class=\"elementor-heading-title elementor-size-default\">CONEX\u00c3O <b>R\u00c1PIDA<\/b> <\/h2>\t\t\t\t<\/div>\n\t\t\t\t<\/div>\n\t\t\t\t<div class=\"elementor-element elementor-element-31310ab0 elementor-widget elementor-widget-text-editor\" data-id=\"31310ab0\" data-element_type=\"widget\" data-e-type=\"widget\" data-widget_type=\"text-editor.default\">\n\t\t\t\t<div class=\"elementor-widget-container\">\n\t\t\t\t\t\t\t\t\t<h2>Gerar neg\u00f3cios e fomentar a economia \u00e9 um dos nossos prop\u00f3sitos.\u00a0<\/h2>\t\t\t\t\t\t\t\t<\/div>\n\t\t\t\t<\/div>\n\t\t\t\t<div class=\"elementor-element elementor-element-456909f3 elementor-widget-divider--view-line_icon elementor-widget__width-auto elementor-absolute elementor-view-default elementor-widget-divider--element-align-center elementor-widget elementor-widget-divider\" data-id=\"456909f3\" data-element_type=\"widget\" data-e-type=\"widget\" data-settings=\"{&quot;_position&quot;:&quot;absolute&quot;}\" data-widget_type=\"divider.default\">\n\t\t\t\t<div class=\"elementor-widget-container\">\n\t\t\t\t\t\t\t<div class=\"elementor-divider\">\n\t\t\t<span class=\"elementor-divider-separator\">\n\t\t\t\t\t\t\t<div class=\"elementor-icon elementor-divider__element\">\n\t\t\t\t\t<svg aria-hidden=\"true\" class=\"e-font-icon-svg e-fas-circle\" viewBox=\"0 0 512 512\" xmlns=\"http:\/\/www.w3.org\/2000\/svg\"><path d=\"M256 8C119 8 8 119 8 256s111 248 248 248 248-111 248-248S393 8 256 8z\"><\/path><\/svg><\/div>\n\t\t\t\t\t\t<\/span>\n\t\t<\/div>\n\t\t\t\t\t\t<\/div>\n\t\t\t\t<\/div>\n\t\t\t\t<div class=\"elementor-element elementor-element-51585007 elementor-widget-divider--view-line_icon elementor-widget__width-auto elementor-absolute elementor-view-default elementor-widget-divider--element-align-center elementor-widget elementor-widget-divider\" data-id=\"51585007\" data-element_type=\"widget\" data-e-type=\"widget\" data-settings=\"{&quot;_position&quot;:&quot;absolute&quot;}\" data-widget_type=\"divider.default\">\n\t\t\t\t<div class=\"elementor-widget-container\">\n\t\t\t\t\t\t\t<div class=\"elementor-divider\">\n\t\t\t<span class=\"elementor-divider-separator\">\n\t\t\t\t\t\t\t<div class=\"elementor-icon elementor-divider__element\">\n\t\t\t\t\t<svg aria-hidden=\"true\" class=\"e-font-icon-svg e-fas-circle\" viewBox=\"0 0 512 512\" xmlns=\"http:\/\/www.w3.org\/2000\/svg\"><path d=\"M256 8C119 8 8 119 8 256s111 248 248 248 248-111 248-248S393 8 256 8z\"><\/path><\/svg><\/div>\n\t\t\t\t\t\t<\/span>\n\t\t<\/div>\n\t\t\t\t\t\t<\/div>\n\t\t\t\t<\/div>\n\t\t\t\t\t<\/div>\n\t\t<\/div>\n\t\t\t\t<div class=\"elementor-column elementor-col-50 elementor-top-column elementor-element elementor-element-3a78a0be\" data-id=\"3a78a0be\" data-element_type=\"column\" data-e-type=\"column\">\n\t\t\t<div class=\"elementor-widget-wrap\">\n\t\t\t\t\t\t\t<\/div>\n\t\t<\/div>\n\t\t\t\t\t<\/div>\n\t\t<\/section>\n\t\t\t\t<\/div>\n\t\t","protected":false},"excerpt":{"rendered":"<p>Nossa malha de relacionamentos no exterior facilita a conex\u00e3o entre compradores e vendedores de soja, milho, a\u00e7\u00facar, trigo, caf\u00e9, prote\u00edna animal e outras commodities em diversos pa\u00edses da Am\u00e9rica, Europa e \u00c1sia RAMAYANA &#8211; Consultoria&hellip;<\/p>\n","protected":false},"author":1,"featured_media":0,"parent":0,"menu_order":0,"comment_status":"closed","ping_status":"closed","template":"","meta":{"footnotes":""},"class_list":["post-1183","page","type-page","status-publish","hentry"],"yoast_head":"<!-- This site is optimized with the Yoast SEO plugin v27.1.1 - https:\/\/yoast.com\/product\/yoast-seo-wordpress\/ -->\n<title>Commodities - RAMAYANA<\/title>\n<meta name=\"robots\" content=\"index, follow, max-snippet:-1, max-image-preview:large, max-video-preview:-1\" \/>\n<link rel=\"canonical\" href=\"https:\/\/ramayanabr.com.br\/index.php\/commodities\/\" \/>\n<meta property=\"og:locale\" content=\"en_US\" \/>\n<meta property=\"og:type\" content=\"article\" \/>\n<meta property=\"og:title\" content=\"Commodities - RAMAYANA\" \/>\n<meta property=\"og:description\" content=\"Nossa malha de relacionamentos no exterior facilita a conex\u00e3o entre compradores e vendedores de soja, milho, a\u00e7\u00facar, trigo, caf\u00e9, prote\u00edna animal e outras commodities em diversos pa\u00edses da Am\u00e9rica, Europa e \u00c1sia RAMAYANA &#8211; Consultoria&hellip;\" \/>\n<meta property=\"og:url\" content=\"https:\/\/ramayanabr.com.br\/index.php\/commodities\/\" \/>\n<meta property=\"og:site_name\" content=\"RAMAYANA\" \/>\n<meta property=\"article:publisher\" content=\"https:\/\/web.facebook.com\/profile.php?id=61559896662049\" \/>\n<meta property=\"article:modified_time\" content=\"2024-06-14T21:21:51+00:00\" \/>\n<meta property=\"og:image\" content=\"https:\/\/ramayanabr.com.br\/wp-content\/uploads\/2024\/06\/trigo-150x150.jpg\" \/>\n<meta name=\"twitter:card\" content=\"summary_large_image\" \/>\n<meta name=\"twitter:site\" content=\"@ramayanabrasil\" \/>\n<script type=\"application\/ld+json\" class=\"yoast-schema-graph\">{\"@context\":\"https:\/\/schema.org\",\"@graph\":[{\"@type\":\"WebPage\",\"@id\":\"https:\/\/ramayanabr.com.br\/index.php\/commodities\/\",\"url\":\"https:\/\/ramayanabr.com.br\/index.php\/commodities\/\",\"name\":\"Commodities - RAMAYANA\",\"isPartOf\":{\"@id\":\"https:\/\/ramayanabr.com.br\/#website\"},\"primaryImageOfPage\":{\"@id\":\"https:\/\/ramayanabr.com.br\/index.php\/commodities\/#primaryimage\"},\"image\":{\"@id\":\"https:\/\/ramayanabr.com.br\/index.php\/commodities\/#primaryimage\"},\"thumbnailUrl\":\"https:\/\/ramayanabr.com.br\/wp-content\/uploads\/2024\/06\/trigo-150x150.jpg\",\"datePublished\":\"2024-06-10T16:09:30+00:00\",\"dateModified\":\"2024-06-14T21:21:51+00:00\",\"breadcrumb\":{\"@id\":\"https:\/\/ramayanabr.com.br\/index.php\/commodities\/#breadcrumb\"},\"inLanguage\":\"en-US\",\"potentialAction\":[{\"@type\":\"ReadAction\",\"target\":[\"https:\/\/ramayanabr.com.br\/index.php\/commodities\/\"]}]},{\"@type\":\"ImageObject\",\"inLanguage\":\"en-US\",\"@id\":\"https:\/\/ramayanabr.com.br\/index.php\/commodities\/#primaryimage\",\"url\":\"https:\/\/ramayanabr.com.br\/wp-content\/uploads\/2024\/06\/trigo.jpg\",\"contentUrl\":\"https:\/\/ramayanabr.com.br\/wp-content\/uploads\/2024\/06\/trigo.jpg\",\"width\":348,\"height\":336},{\"@type\":\"BreadcrumbList\",\"@id\":\"https:\/\/ramayanabr.com.br\/index.php\/commodities\/#breadcrumb\",\"itemListElement\":[{\"@type\":\"ListItem\",\"position\":1,\"name\":\"In\u00edcio\",\"item\":\"https:\/\/ramayanabr.com.br\/\"},{\"@type\":\"ListItem\",\"position\":2,\"name\":\"Commodities\"}]},{\"@type\":\"WebSite\",\"@id\":\"https:\/\/ramayanabr.com.br\/#website\",\"url\":\"https:\/\/ramayanabr.com.br\/\",\"name\":\"RAMAYANA\",\"description\":\"Consultoria &amp; Neg\u00f3cios LTDA\",\"publisher\":{\"@id\":\"https:\/\/ramayanabr.com.br\/#organization\"},\"alternateName\":\"RAMAYANABR\",\"potentialAction\":[{\"@type\":\"SearchAction\",\"target\":{\"@type\":\"EntryPoint\",\"urlTemplate\":\"https:\/\/ramayanabr.com.br\/?s={search_term_string}\"},\"query-input\":{\"@type\":\"PropertyValueSpecification\",\"valueRequired\":true,\"valueName\":\"search_term_string\"}}],\"inLanguage\":\"en-US\"},{\"@type\":\"Organization\",\"@id\":\"https:\/\/ramayanabr.com.br\/#organization\",\"name\":\"RAMAYANA\",\"alternateName\":\"Ramayana Consultoria e Neg\u00f3cios Ltda\",\"url\":\"https:\/\/ramayanabr.com.br\/\",\"logo\":{\"@type\":\"ImageObject\",\"inLanguage\":\"en-US\",\"@id\":\"https:\/\/ramayanabr.com.br\/#\/schema\/logo\/image\/\",\"url\":\"https:\/\/ramayanabr.com.br\/wp-content\/uploads\/2026\/03\/ram.png\",\"contentUrl\":\"https:\/\/ramayanabr.com.br\/wp-content\/uploads\/2026\/03\/ram.png\",\"width\":141,\"height\":108,\"caption\":\"RAMAYANA\"},\"image\":{\"@id\":\"https:\/\/ramayanabr.com.br\/#\/schema\/logo\/image\/\"},\"sameAs\":[\"https:\/\/web.facebook.com\/profile.php?id=61559896662049\",\"https:\/\/x.com\/ramayanabrasil\",\"https:\/\/www.instagram.com\/ramayanabr\/\"]}]}<\/script>\n<!-- \/ Yoast SEO plugin. -->","yoast_head_json":{"title":"Commodities - RAMAYANA","robots":{"index":"index","follow":"follow","max-snippet":"max-snippet:-1","max-image-preview":"max-image-preview:large","max-video-preview":"max-video-preview:-1"},"canonical":"https:\/\/ramayanabr.com.br\/index.php\/commodities\/","og_locale":"en_US","og_type":"article","og_title":"Commodities - RAMAYANA","og_description":"Nossa malha de relacionamentos no exterior facilita a conex\u00e3o entre compradores e vendedores de soja, milho, a\u00e7\u00facar, trigo, caf\u00e9, prote\u00edna animal e outras commodities em diversos pa\u00edses da Am\u00e9rica, Europa e \u00c1sia RAMAYANA &#8211; Consultoria&hellip;","og_url":"https:\/\/ramayanabr.com.br\/index.php\/commodities\/","og_site_name":"RAMAYANA","article_publisher":"https:\/\/web.facebook.com\/profile.php?id=61559896662049","article_modified_time":"2024-06-14T21:21:51+00:00","og_image":[{"url":"https:\/\/ramayanabr.com.br\/wp-content\/uploads\/2024\/06\/trigo-150x150.jpg","type":"","width":"","height":""}],"twitter_card":"summary_large_image","twitter_site":"@ramayanabrasil","schema":{"@context":"https:\/\/schema.org","@graph":[{"@type":"WebPage","@id":"https:\/\/ramayanabr.com.br\/index.php\/commodities\/","url":"https:\/\/ramayanabr.com.br\/index.php\/commodities\/","name":"Commodities - RAMAYANA","isPartOf":{"@id":"https:\/\/ramayanabr.com.br\/#website"},"primaryImageOfPage":{"@id":"https:\/\/ramayanabr.com.br\/index.php\/commodities\/#primaryimage"},"image":{"@id":"https:\/\/ramayanabr.com.br\/index.php\/commodities\/#primaryimage"},"thumbnailUrl":"https:\/\/ramayanabr.com.br\/wp-content\/uploads\/2024\/06\/trigo-150x150.jpg","datePublished":"2024-06-10T16:09:30+00:00","dateModified":"2024-06-14T21:21:51+00:00","breadcrumb":{"@id":"https:\/\/ramayanabr.com.br\/index.php\/commodities\/#breadcrumb"},"inLanguage":"en-US","potentialAction":[{"@type":"ReadAction","target":["https:\/\/ramayanabr.com.br\/index.php\/commodities\/"]}]},{"@type":"ImageObject","inLanguage":"en-US","@id":"https:\/\/ramayanabr.com.br\/index.php\/commodities\/#primaryimage","url":"https:\/\/ramayanabr.com.br\/wp-content\/uploads\/2024\/06\/trigo.jpg","contentUrl":"https:\/\/ramayanabr.com.br\/wp-content\/uploads\/2024\/06\/trigo.jpg","width":348,"height":336},{"@type":"BreadcrumbList","@id":"https:\/\/ramayanabr.com.br\/index.php\/commodities\/#breadcrumb","itemListElement":[{"@type":"ListItem","position":1,"name":"In\u00edcio","item":"https:\/\/ramayanabr.com.br\/"},{"@type":"ListItem","position":2,"name":"Commodities"}]},{"@type":"WebSite","@id":"https:\/\/ramayanabr.com.br\/#website","url":"https:\/\/ramayanabr.com.br\/","name":"RAMAYANA","description":"Consultoria &amp; Neg\u00f3cios LTDA","publisher":{"@id":"https:\/\/ramayanabr.com.br\/#organization"},"alternateName":"RAMAYANABR","potentialAction":[{"@type":"SearchAction","target":{"@type":"EntryPoint","urlTemplate":"https:\/\/ramayanabr.com.br\/?s={search_term_string}"},"query-input":{"@type":"PropertyValueSpecification","valueRequired":true,"valueName":"search_term_string"}}],"inLanguage":"en-US"},{"@type":"Organization","@id":"https:\/\/ramayanabr.com.br\/#organization","name":"RAMAYANA","alternateName":"Ramayana Consultoria e Neg\u00f3cios Ltda","url":"https:\/\/ramayanabr.com.br\/","logo":{"@type":"ImageObject","inLanguage":"en-US","@id":"https:\/\/ramayanabr.com.br\/#\/schema\/logo\/image\/","url":"https:\/\/ramayanabr.com.br\/wp-content\/uploads\/2026\/03\/ram.png","contentUrl":"https:\/\/ramayanabr.com.br\/wp-content\/uploads\/2026\/03\/ram.png","width":141,"height":108,"caption":"RAMAYANA"},"image":{"@id":"https:\/\/ramayanabr.com.br\/#\/schema\/logo\/image\/"},"sameAs":["https:\/\/web.facebook.com\/profile.php?id=61559896662049","https:\/\/x.com\/ramayanabrasil","https:\/\/www.instagram.com\/ramayanabr\/"]}]}},"_links":{"self":[{"href":"https:\/\/ramayanabr.com.br\/index.php\/wp-json\/wp\/v2\/pages\/1183","targetHints":{"allow":["GET"]}}],"collection":[{"href":"https:\/\/ramayanabr.com.br\/index.php\/wp-json\/wp\/v2\/pages"}],"about":[{"href":"https:\/\/ramayanabr.com.br\/index.php\/wp-json\/wp\/v2\/types\/page"}],"author":[{"embeddable":true,"href":"https:\/\/ramayanabr.com.br\/index.php\/wp-json\/wp\/v2\/users\/1"}],"replies":[{"embeddable":true,"href":"https:\/\/ramayanabr.com.br\/index.php\/wp-json\/wp\/v2\/comments?post=1183"}],"version-history":[{"count":27,"href":"https:\/\/ramayanabr.com.br\/index.php\/wp-json\/wp\/v2\/pages\/1183\/revisions"}],"predecessor-version":[{"id":1384,"href":"https:\/\/ramayanabr.com.br\/index.php\/wp-json\/wp\/v2\/pages\/1183\/revisions\/1384"}],"wp:attachment":[{"href":"https:\/\/ramayanabr.com.br\/index.php\/wp-json\/wp\/v2\/media?parent=1183"}],"curies":[{"name":"wp","href":"https:\/\/api.w.org\/{rel}","templated":true}]}}